{"id":1552,"date":"2024-06-04T16:27:38","date_gmt":"2024-06-04T14:27:38","guid":{"rendered":"https:\/\/lacuinetadenpepbcn.com\/reserva\/"},"modified":"2025-01-17T11:48:45","modified_gmt":"2025-01-17T10:48:45","slug":"reserva","status":"publish","type":"page","link":"https:\/\/lacuinetadenpepbcn.com\/de\/reserva\/","title":{"rendered":"Reservierung"},"content":{"rendered":"<div data-elementor-type=\"wp-page\" data-elementor-id=\"1552\" class=\"elementor elementor-1552\" data-elementor-post-type=\"page\">\n\t\t\t\t\t\t<section class=\"elementor-section elementor-top-section elementor-element elementor-element-0bb20ea elementor-section-height-min-height pt-section-content-fullwidth pt_scroll_y_80 pt-parallax-on-scroll elementor-section-boxed elementor-section-height-default elementor-section-items-middle\" data-id=\"0bb20ea\" data-element_type=\"section\" data-settings=\"{&quot;background_background&quot;:&quot;classic&quot;}\" data-pt-parallax-y=\"80\" style=\"background-image: none;\" data-pt-background-image=\"https:\/\/lacuinetadenpepbcn.com\/wp-content\/uploads\/2024\/06\/9-scaled.jpg\">\n\t\t\t\t\t\t\t<div class=\"elementor-background-overlay\"><\/div>\n\t\t\t\t\t\t\t<div class=\"elementor-container elementor-column-gap-no\">\n\t\t\t\t\t<div class=\"elementor-column elementor-col-100 elementor-top-column elementor-element elementor-element-1f252a1 dark-color\" data-id=\"1f252a1\" data-element_type=\"column\">\n\t\t\t<div class=\"elementor-widget-wrap elementor-element-populated\">\n\t\t\t\t\t\t<div class=\"elementor-element elementor-element-82af092 elementor-widget elementor-widget-pt_title\" data-id=\"82af092\" data-element_type=\"widget\" data-widget_type=\"pt_title.default\">\n\t\t\t\t<div class=\"elementor-widget-container\">\n\t\t\t\n        <div class=\"pt-title-wrap text-center\">\t            <div class=\"pt-subtitle-wrap\"><span class=\"pt-subtitle\">Authentische mediterrane Aromen in Poble Nou<\/span><\/div>\t            <h1 class=\"pt-title\">\n\t                Reservierung\t            <\/h1>        <\/div>\t\t<\/div>\n\t\t\t\t<\/div>\n\t\t\t\t<div class=\"elementor-element elementor-element-ee16d12 elementor-widget__width-auto elementor-widget elementor-widget-pt_button\" data-id=\"ee16d12\" data-element_type=\"widget\" data-widget_type=\"pt_button.default\">\n\t\t\t\t<div class=\"elementor-widget-container\">\n\t\t\t        <a href=\"https:\/\/lacuinetadenpepbcn.com\/de\/nuestra-carta\/\" class=\"elementor-button-link button pt-btn-outline pt-btn-extra-large\" role=\"button\">\n            <span class=\"pt-btn-text\">Brief<\/span>\n        <\/a>\t\t<\/div>\n\t\t\t\t<\/div>\n\t\t\t\t<div class=\"elementor-element elementor-element-0650942 elementor-widget elementor-widget-pt_title\" data-id=\"0650942\" data-element_type=\"widget\" data-widget_type=\"pt_title.default\">\n\t\t\t\t<div class=\"elementor-widget-container\">\n\t\t\t\n        <div class=\"pt-title-wrap text-center\">\t            <div class=\"pt-subtitle-wrap\"><span class=\"pt-subtitle color-white style-bordered\">Genie\u00dfen Sie den Strand, Fu\u00dfball und die beste mediterrane K\u00fcche<\/span><\/div>        <\/div>\t\t<\/div>\n\t\t\t\t<\/div>\n\t\t\t\t\t<\/div>\n\t\t<\/div>\n\t\t\t\t\t<\/div>\n\t\t<\/section>\n\t\t<div class=\"elementor-element elementor-element-33de8f0 e-flex e-con-boxed e-con e-parent\" data-id=\"33de8f0\" data-element_type=\"container\">\n\t\t\t\t\t<div class=\"e-con-inner\">\n\t\t\t\t<div class=\"elementor-element elementor-element-c42c233 elementor-widget elementor-widget-shortcode\" data-id=\"c42c233\" data-element_type=\"widget\" data-widget_type=\"shortcode.default\">\n\t\t\t\t<div class=\"elementor-widget-container\">\n\t\t\t\t\t<div class=\"elementor-shortcode\">\n\t<script type=\"text\/javascript\">\n        var ajaxurl = 'https:\/\/lacuinetadenpepbcn.com\/wp-admin\/admin-ajax.php';\n    <\/script>\n\n    <style>#rtb-time_root .picker__list .picker__list-item.picker__list-item--disabled { display: none; }<\/style>\n    \n<div class=\"rtb-booking-form\">\n\t\n\t\n\t\n\t\n\t<form method=\"POST\" action=\"https:\/\/lacuinetadenpepbcn.com\/de\/reserva\/\" class=\"rtb-booking-form-form\" data-trp-original-action=\"https:\/\/lacuinetadenpepbcn.com\/de\/reserva\/\">\n\t\t<input type=\"hidden\" name=\"action\" value=\"booking_request\">\n\n\t\t\n\t\t\n\t\t\n\t\t\t\t<fieldset class=\"reservation\">\n\n\t\t\t\t\t\t<legend >\n\t\t\t\tReservieren Sie einen Tisch\t\t\t<\/legend>\n\t\t\t\n\t\t\t\n\t<div class=\"rtb-text date\">\n\t\t\t\t<label for=\"rtb-date\">\n\t\t\tDatum\t\t<\/label>\n\t\t<input type=\"text\" name=\"rtb-date\" id=\"rtb-date\" value=\"\" required aria-required=\"true\">\n\t<\/div>\n\n\t\n\t<div class=\"rtb-text time\">\n\t\t\t\t<label for=\"rtb-time\">\n\t\t\tZeit\t\t<\/label>\n\t\t<input type=\"text\" name=\"rtb-time\" id=\"rtb-time\" value=\"\" required aria-required=\"true\">\n\t<\/div>\n\n\t\n\t<div class=\"rtb-select party\">\n\t\t\t\t<label for=\"rtb-party\">\n\t\t\tParty\t\t<\/label>\n\t\t<select name=\"rtb-party\" id=\"rtb-party\" required aria-required=\"true\"  data-selected=\"\">\n\t\t\t\t\t\t\t\t\t<option value=\"1\" >1<\/option>\n\t\t\t\t\t\t<option value=\"2\" >2<\/option>\n\t\t\t\t\t\t<option value=\"3\" >3<\/option>\n\t\t\t\t\t\t<option value=\"4\" >4<\/option>\n\t\t\t\t\t\t<option value=\"5\" >5<\/option>\n\t\t\t\t\t\t<option value=\"6\" >6<\/option>\n\t\t\t\t\t\t<option value=\"7\" >7<\/option>\n\t\t\t\t\t\t<option value=\"8\" >8<\/option>\n\t\t\t\t\t\t<option value=\"9\" >9<\/option>\n\t\t\t\t\t\t<option value=\"10\" >10<\/option>\n\t\t\t\t\t\t<option value=\"11\" >11<\/option>\n\t\t\t\t\t\t<option value=\"12\" >12<\/option>\n\t\t\t\t\t\t<option value=\"13\" >13<\/option>\n\t\t\t\t\t\t<option value=\"14\" >14<\/option>\n\t\t\t\t\t\t<option value=\"15\" >15<\/option>\n\t\t\t\t\t\t<option value=\"16\" >16<\/option>\n\t\t\t\t\t\t<option value=\"17\" >17<\/option>\n\t\t\t\t\t\t<option value=\"18\" >18<\/option>\n\t\t\t\t\t\t<option value=\"19\" >19<\/option>\n\t\t\t\t\t\t<option value=\"20\" >20<\/option>\n\t\t\t\t\t\t<option value=\"21\" >21<\/option>\n\t\t\t\t\t\t<option value=\"22\" >22<\/option>\n\t\t\t\t\t\t<option value=\"23\" >23<\/option>\n\t\t\t\t\t\t<option value=\"24\" >24<\/option>\n\t\t\t\t\t\t<option value=\"25\" >25<\/option>\n\t\t\t\t\t\t<option value=\"26\" >26<\/option>\n\t\t\t\t\t\t<option value=\"27\" >27<\/option>\n\t\t\t\t\t\t<option value=\"28\" >28<\/option>\n\t\t\t\t\t\t<option value=\"29\" >29<\/option>\n\t\t\t\t\t\t<option value=\"30\" >30<\/option>\n\t\t\t\t\t\t<option value=\"31\" >31<\/option>\n\t\t\t\t\t\t<option value=\"32\" >32<\/option>\n\t\t\t\t\t\t<option value=\"33\" >33<\/option>\n\t\t\t\t\t\t<option value=\"34\" >34<\/option>\n\t\t\t\t\t\t<option value=\"35\" >35<\/option>\n\t\t\t\t\t\t<option value=\"36\" >36<\/option>\n\t\t\t\t\t\t<option value=\"37\" >37<\/option>\n\t\t\t\t\t\t<option value=\"38\" >38<\/option>\n\t\t\t\t\t\t<option value=\"39\" >39<\/option>\n\t\t\t\t\t\t<option value=\"40\" >40<\/option>\n\t\t\t\t\t\t<option value=\"41\" >41<\/option>\n\t\t\t\t\t\t<option value=\"42\" >42<\/option>\n\t\t\t\t\t\t<option value=\"43\" >43<\/option>\n\t\t\t\t\t\t<option value=\"44\" >44<\/option>\n\t\t\t\t\t\t<option value=\"45\" >45<\/option>\n\t\t\t\t\t\t<option value=\"46\" >46<\/option>\n\t\t\t\t\t\t<option value=\"47\" >47<\/option>\n\t\t\t\t\t\t<option value=\"48\" >48<\/option>\n\t\t\t\t\t\t<option value=\"49\" >49<\/option>\n\t\t\t\t\t\t<option value=\"50\" >50<\/option>\n\t\t\t\t\t\t<option value=\"51\" >51<\/option>\n\t\t\t\t\t\t<option value=\"52\" >52<\/option>\n\t\t\t\t\t\t<option value=\"53\" >53<\/option>\n\t\t\t\t\t\t<option value=\"54\" >54<\/option>\n\t\t\t\t\t\t<option value=\"55\" >55<\/option>\n\t\t\t\t\t\t<option value=\"56\" >56<\/option>\n\t\t\t\t\t\t<option value=\"57\" >57<\/option>\n\t\t\t\t\t\t<option value=\"58\" >58<\/option>\n\t\t\t\t\t\t<option value=\"59\" >59<\/option>\n\t\t\t\t\t\t<option value=\"60\" >60<\/option>\n\t\t\t\t\t\t<option value=\"61\" >61<\/option>\n\t\t\t\t\t\t<option value=\"62\" >62<\/option>\n\t\t\t\t\t\t<option value=\"63\" >63<\/option>\n\t\t\t\t\t\t<option value=\"64\" >64<\/option>\n\t\t\t\t\t\t<option value=\"65\" >65<\/option>\n\t\t\t\t\t\t<option value=\"66\" >66<\/option>\n\t\t\t\t\t\t<option value=\"67\" >67<\/option>\n\t\t\t\t\t\t<option value=\"68\" >68<\/option>\n\t\t\t\t\t\t<option value=\"69\" >69<\/option>\n\t\t\t\t\t\t<option value=\"70\" >70<\/option>\n\t\t\t\t\t\t<option value=\"71\" >71<\/option>\n\t\t\t\t\t\t<option value=\"72\" >72<\/option>\n\t\t\t\t\t\t<option value=\"73\" >73<\/option>\n\t\t\t\t\t\t<option value=\"74\" >74<\/option>\n\t\t\t\t\t\t<option value=\"75\" >75<\/option>\n\t\t\t\t\t\t<option value=\"76\" >76<\/option>\n\t\t\t\t\t\t<option value=\"77\" >77<\/option>\n\t\t\t\t\t\t<option value=\"78\" >78<\/option>\n\t\t\t\t\t\t<option value=\"79\" >79<\/option>\n\t\t\t\t\t\t<option value=\"80\" >80<\/option>\n\t\t\t\t\t\t<option value=\"81\" >81<\/option>\n\t\t\t\t\t\t<option value=\"82\" >82<\/option>\n\t\t\t\t\t\t<option value=\"83\" >83<\/option>\n\t\t\t\t\t\t<option value=\"84\" >84<\/option>\n\t\t\t\t\t\t<option value=\"85\" >85<\/option>\n\t\t\t\t\t\t<option value=\"86\" >86<\/option>\n\t\t\t\t\t\t<option value=\"87\" >87<\/option>\n\t\t\t\t\t\t<option value=\"88\" >88<\/option>\n\t\t\t\t\t\t<option value=\"89\" >89<\/option>\n\t\t\t\t\t\t<option value=\"90\" >90<\/option>\n\t\t\t\t\t\t<option value=\"91\" >91<\/option>\n\t\t\t\t\t\t<option value=\"92\" >92<\/option>\n\t\t\t\t\t\t<option value=\"93\" >93<\/option>\n\t\t\t\t\t\t<option value=\"94\" >94<\/option>\n\t\t\t\t\t\t<option value=\"95\" >95<\/option>\n\t\t\t\t\t\t<option value=\"96\" >96<\/option>\n\t\t\t\t\t\t<option value=\"97\" >97<\/option>\n\t\t\t\t\t\t<option value=\"98\" >98<\/option>\n\t\t\t\t\t\t<option value=\"99\" >99<\/option>\n\t\t\t\t\t\t<option value=\"100\" >100<\/option>\n\t\t\t\t\t<\/select>\n\t<\/div>\n\n\t\t\t<\/fieldset>\n\t\t\t\t<fieldset class=\"rtb-contact\">\n\n\t\t\t\t\t\t<legend >\n\t\t\t\tKontaktdaten\t\t\t<\/legend>\n\t\t\t\n\t\t\t\n\t<div class=\"rtb-text name\">\n\t\t\t\t<label for=\"rtb-name\">\n\t\t\tS\u00fc\u00dfkartoffel\t\t<\/label>\n\t\t<input type=\"text\" name=\"rtb-name\" id=\"rtb-name\" value=\"\" required aria-required=\"true\">\n\t<\/div>\n\n\t\n\t<div class=\"rtb-text email\">\n\t\t\t\t<label for=\"rtb-email\">\n\t\t\tE-Mail\t\t<\/label>\n\t\t<input type=\"email\" name=\"rtb-email\" id=\"rtb-email\" value=\"\" required aria-required=\"true\">\n\t<\/div>\n\n\t\n\t<div class=\"rtb-text phone\">\n\t\t\t\t<label for=\"rtb-phone\">\n\t\t\tTelefon\t\t<\/label>\n\t\t<input type=\"tel\" name=\"rtb-phone\" id=\"rtb-phone\" value=\"\">\n\t<\/div>\n\n\t\n\t<div class=\"add-message\">\n\t\t<a href=\"#\">\n\t\t\tNachricht hinzuf\u00fcgen\t\t<\/a>\n\t<\/div>\n\n\t\n\t<div class=\"rtb-textarea message\">\n\t\t\t\t<label for=\"rtb-message\">\n\t\t\tNachricht\t\t<\/label>\n\t\t<textarea name=\"rtb-message\" id=\"rtb-message\"><\/textarea>\n\t<\/div>\n\n\t\t\t<\/fieldset>\n\t\t\n\t\t\n\t\t<fieldset class=\"rtb-form-footer\">\n\t\t\t<div id='rtb_recaptcha'><\/div>\n\t\t\t\n\t\t\t<div class=\"rtb-form-submit\"><button type=\"submit\">Buchung anfordern<\/button><\/div>\t\t<\/fieldset>\n\n\n\t<input type=\"hidden\" name=\"trp-form-language\" value=\"de\"\/><\/form>\n\n\t\n\t\n\t<\/div>\n\n\t<\/div>\n\t\t\t\t<\/div>\n\t\t\t\t<\/div>\n\t\t\t\t\t<\/div>\n\t\t\t\t<\/div>\n\t\t\t\t<\/div>","protected":false},"excerpt":{"rendered":"<p>Sabores Aut\u00e9nticos del Mediterr\u00e1neo en Poble Nou Reserva Carta Disfruta de la Playa, del F\u00fatbol y de la Mejor Comida Mediterr\u00e1nea<\/p>","protected":false},"author":1,"featured_media":0,"parent":0,"menu_order":0,"comment_status":"closed","ping_status":"closed","template":"elementor_header_footer","meta":{"patiotime_single_page_hide_site_header":"","patiotime_single_page_site_header_source":"","patiotime_single_page_custom_site_header":"0","patiotime_single_page_custom_sticky_site_header":"0","patiotime_single_page_custom_page_title_margin_top_source":"","patiotime_single_page_custom_page_title_desktop_margin_top":"","patiotime_single_page_custom_page_title_tablet_margin_top":"","patiotime_single_page_custom_page_title_mobile_margin_top":"","patiotime_single_page_hide_page_title":"","patiotime_single_page_header_section_size":"","patiotime_single_page_header_background_color":"","patiotime_single_page_header_background_position_x":"center","patiotime_single_page_header_background_position_y":"center","patiotime_single_page_header_background_size":"cover","patiotime_single_page_header_background_repeat":"off","patiotime_single_page_header_background_scroll":"on","patiotime_single_page_header_text_color":"","patiotime_single_page_header_show_breadcrumb":"","patiotime_single_page_site_footer_hide_main":"","patiotime_single_custom_site_footer_main_source":"","patiotime_single_custom_site_footer_main":"0","patiotime_single_page_site_footer_hide_above":"","patiotime_single_custom_site_footer_above_source":"","patiotime_single_custom_site_footer_above":"0","patiotime_single_page_site_footer_hide_instagram":"","patiotime_single_page_site_footer_hide_bottom":"","patiotime_single_custom_mobile_menu_source":"","patiotime_single_custom_mobile_menu":"0","patiotime_single_custom_mobile_menu_animation":"","patiotime_single_custom_mobile_menu_width":"","patiotime_single_custom_mobile_menu_custom_width":375,"footnotes":""},"class_list":["post-1552","page","type-page","status-publish","hentry"],"yoast_head":"<!-- This site is optimized with the Yoast SEO plugin v22.9 - https:\/\/yoast.com\/wordpress\/plugins\/seo\/ -->\n<title>Reserva - La Cuineta d&#039;en Pep<\/title>\n<meta name=\"robots\" content=\"index, follow, max-snippet:-1, max-image-preview:large, max-video-preview:-1\" \/>\n<link rel=\"canonical\" href=\"https:\/\/lacuinetadenpepbcn.com\/de\/reserva\/\" \/>\n<meta property=\"og:locale\" content=\"de_DE\" \/>\n<meta property=\"og:type\" content=\"article\" \/>\n<meta property=\"og:title\" content=\"Reserva - La Cuineta d&#039;en Pep\" \/>\n<meta property=\"og:description\" content=\"Sabores Aut\u00e9nticos del Mediterr\u00e1neo en Poble Nou Reserva Carta Disfruta de la Playa, del F\u00fatbol y de la Mejor Comida Mediterr\u00e1nea\" \/>\n<meta property=\"og:url\" content=\"https:\/\/lacuinetadenpepbcn.com\/de\/reserva\/\" \/>\n<meta property=\"og:site_name\" content=\"La Cuineta d&#039;en Pep\" \/>\n<meta property=\"article:modified_time\" content=\"2025-01-17T10:48:45+00:00\" \/>\n<meta name=\"twitter:card\" content=\"summary_large_image\" \/>\n<script type=\"application\/ld+json\" class=\"yoast-schema-graph\">{\"@context\":\"https:\/\/schema.org\",\"@graph\":[{\"@type\":\"WebPage\",\"@id\":\"https:\/\/lacuinetadenpepbcn.com\/reserva\/\",\"url\":\"https:\/\/lacuinetadenpepbcn.com\/reserva\/\",\"name\":\"Reserva - La Cuineta d&#039;en Pep\",\"isPartOf\":{\"@id\":\"https:\/\/lacuinetadenpepbcn.com\/#website\"},\"datePublished\":\"2024-06-04T14:27:38+00:00\",\"dateModified\":\"2025-01-17T10:48:45+00:00\",\"breadcrumb\":{\"@id\":\"https:\/\/lacuinetadenpepbcn.com\/reserva\/#breadcrumb\"},\"inLanguage\":\"de\",\"potentialAction\":[{\"@type\":\"ReadAction\",\"target\":[\"https:\/\/lacuinetadenpepbcn.com\/reserva\/\"]}]},{\"@type\":\"BreadcrumbList\",\"@id\":\"https:\/\/lacuinetadenpepbcn.com\/reserva\/#breadcrumb\",\"itemListElement\":[{\"@type\":\"ListItem\",\"position\":1,\"name\":\"Portada\",\"item\":\"https:\/\/lacuinetadenpepbcn.com\/\"},{\"@type\":\"ListItem\",\"position\":2,\"name\":\"Reserva\"}]},{\"@type\":\"WebSite\",\"@id\":\"https:\/\/lacuinetadenpepbcn.com\/#website\",\"url\":\"https:\/\/lacuinetadenpepbcn.com\/\",\"name\":\"La Cuineta d&#039;en Pep\",\"description\":\"\",\"publisher\":{\"@id\":\"https:\/\/lacuinetadenpepbcn.com\/#organization\"},\"potentialAction\":[{\"@type\":\"SearchAction\",\"target\":{\"@type\":\"EntryPoint\",\"urlTemplate\":\"https:\/\/lacuinetadenpepbcn.com\/?s={search_term_string}\"},\"query-input\":\"required name=search_term_string\"}],\"inLanguage\":\"de\"},{\"@type\":\"Organization\",\"@id\":\"https:\/\/lacuinetadenpepbcn.com\/#organization\",\"name\":\"La Cuineta d&#039;en Pep\",\"url\":\"https:\/\/lacuinetadenpepbcn.com\/\",\"logo\":{\"@type\":\"ImageObject\",\"inLanguage\":\"de\",\"@id\":\"https:\/\/lacuinetadenpepbcn.com\/#\/schema\/logo\/image\/\",\"url\":\"https:\/\/lacuinetadenpepbcn.com\/wp-content\/uploads\/2024\/06\/logo_w2.png\",\"contentUrl\":\"https:\/\/lacuinetadenpepbcn.com\/wp-content\/uploads\/2024\/06\/logo_w2.png\",\"width\":636,\"height\":132,\"caption\":\"La Cuineta d&#039;en Pep\"},\"image\":{\"@id\":\"https:\/\/lacuinetadenpepbcn.com\/#\/schema\/logo\/image\/\"}}]}<\/script>\n<!-- \/ Yoast SEO plugin. -->","yoast_head_json":{"title":"Reserva - La Cuineta d&#039;en Pep","robots":{"index":"index","follow":"follow","max-snippet":"max-snippet:-1","max-image-preview":"max-image-preview:large","max-video-preview":"max-video-preview:-1"},"canonical":"https:\/\/lacuinetadenpepbcn.com\/de\/reserva\/","og_locale":"de_DE","og_type":"article","og_title":"Reserva - La Cuineta d&#039;en Pep","og_description":"Sabores Aut\u00e9nticos del Mediterr\u00e1neo en Poble Nou Reserva Carta Disfruta de la Playa, del F\u00fatbol y de la Mejor Comida Mediterr\u00e1nea","og_url":"https:\/\/lacuinetadenpepbcn.com\/de\/reserva\/","og_site_name":"La Cuineta d&#039;en Pep","article_modified_time":"2025-01-17T10:48:45+00:00","twitter_card":"summary_large_image","schema":{"@context":"https:\/\/schema.org","@graph":[{"@type":"WebPage","@id":"https:\/\/lacuinetadenpepbcn.com\/reserva\/","url":"https:\/\/lacuinetadenpepbcn.com\/reserva\/","name":"Reserva - La Cuineta d&#039;en Pep","isPartOf":{"@id":"https:\/\/lacuinetadenpepbcn.com\/#website"},"datePublished":"2024-06-04T14:27:38+00:00","dateModified":"2025-01-17T10:48:45+00:00","breadcrumb":{"@id":"https:\/\/lacuinetadenpepbcn.com\/reserva\/#breadcrumb"},"inLanguage":"de","potentialAction":[{"@type":"ReadAction","target":["https:\/\/lacuinetadenpepbcn.com\/reserva\/"]}]},{"@type":"BreadcrumbList","@id":"https:\/\/lacuinetadenpepbcn.com\/reserva\/#breadcrumb","itemListElement":[{"@type":"ListItem","position":1,"name":"Portada","item":"https:\/\/lacuinetadenpepbcn.com\/"},{"@type":"ListItem","position":2,"name":"Reserva"}]},{"@type":"WebSite","@id":"https:\/\/lacuinetadenpepbcn.com\/#website","url":"https:\/\/lacuinetadenpepbcn.com\/","name":"La Cuineta d&#039;en Pep","description":"","publisher":{"@id":"https:\/\/lacuinetadenpepbcn.com\/#organization"},"potentialAction":[{"@type":"SearchAction","target":{"@type":"EntryPoint","urlTemplate":"https:\/\/lacuinetadenpepbcn.com\/?s={search_term_string}"},"query-input":"required name=search_term_string"}],"inLanguage":"de"},{"@type":"Organization","@id":"https:\/\/lacuinetadenpepbcn.com\/#organization","name":"La Cuineta d&#039;en Pep","url":"https:\/\/lacuinetadenpepbcn.com\/","logo":{"@type":"ImageObject","inLanguage":"de","@id":"https:\/\/lacuinetadenpepbcn.com\/#\/schema\/logo\/image\/","url":"https:\/\/lacuinetadenpepbcn.com\/wp-content\/uploads\/2024\/06\/logo_w2.png","contentUrl":"https:\/\/lacuinetadenpepbcn.com\/wp-content\/uploads\/2024\/06\/logo_w2.png","width":636,"height":132,"caption":"La Cuineta d&#039;en Pep"},"image":{"@id":"https:\/\/lacuinetadenpepbcn.com\/#\/schema\/logo\/image\/"}}]}},"_links":{"self":[{"href":"https:\/\/lacuinetadenpepbcn.com\/de\/wp-json\/wp\/v2\/pages\/1552","targetHints":{"allow":["GET"]}}],"collection":[{"href":"https:\/\/lacuinetadenpepbcn.com\/de\/wp-json\/wp\/v2\/pages"}],"about":[{"href":"https:\/\/lacuinetadenpepbcn.com\/de\/wp-json\/wp\/v2\/types\/page"}],"author":[{"embeddable":true,"href":"https:\/\/lacuinetadenpepbcn.com\/de\/wp-json\/wp\/v2\/users\/1"}],"replies":[{"embeddable":true,"href":"https:\/\/lacuinetadenpepbcn.com\/de\/wp-json\/wp\/v2\/comments?post=1552"}],"version-history":[{"count":24,"href":"https:\/\/lacuinetadenpepbcn.com\/de\/wp-json\/wp\/v2\/pages\/1552\/revisions"}],"predecessor-version":[{"id":2316,"href":"https:\/\/lacuinetadenpepbcn.com\/de\/wp-json\/wp\/v2\/pages\/1552\/revisions\/2316"}],"wp:attachment":[{"href":"https:\/\/lacuinetadenpepbcn.com\/de\/wp-json\/wp\/v2\/media?parent=1552"}],"curies":[{"name":"wp","href":"https:\/\/api.w.org\/{rel}","templated":true}]}}